
{"id":3551,"date":"2017-11-14T14:46:38","date_gmt":"2017-11-14T14:46:38","guid":{"rendered":"https:\/\/solarcenter.mu\/carport-photovoltaique\/"},"modified":"2023-11-10T09:44:45","modified_gmt":"2023-11-10T09:44:45","slug":"carport-photovoltaique","status":"publish","type":"page","link":"https:\/\/solarcenter.mu\/en\/carport-photovoltaique\/","title":{"rendered":"PHOTOVOLTAIC CARPORT"},"content":{"rendered":"<p>[vc_row][vc_column icons_position=&#8221;left&#8221;][vc_raw_html]JTIwJTNDZGl2JTIwY2xhc3MlM0QlMjJiZy1pbWFnZS10ZXh0JTIwYmctaW1hZ2UtdGV4dC1wYWdlLXRpdGxlJTIyJTNFJTBBJTIwJTIwJTIwJTIwJTNDaW1nJTBBJTIwJTIwJTIwJTIwJTIwJTIwc3JjJTNEJTIyaHR0cHMlM0ElMkYlMkZzb2xhcmNlbnRlci5tdSUyRndwLWNvbnRlbnQlMkZ1cGxvYWRzJTJGMjAyMyUyRjEwJTJGaW1nMy5qcGclMjIlMEElMjAlMjAlMjAlMjAlMkYlM0UlMEElMjAlMjAlMjAlMjAlM0NwJTIwY2xhc3MlM0QlMjJiZy1pbWFnZS10ZXh0LWNlbnRlciUyMiUzRUNhcnBvcnQlM0NiciUyMCUyRiUzRXBob3Rvdm9sdGElQzMlQUZxdWUlM0MlMkZwJTNFJTBBJTIwJTIwJTNDJTJGZGl2JTNFJTBB[\/vc_raw_html][vc_empty_space alter_height=&#8221;medium&#8221; hide_on_desktop=&#8221;&#8221; hide_on_notebook=&#8221;&#8221; hide_on_tablet=&#8221;&#8221; hide_on_mobile=&#8221;&#8221;][\/vc_column][\/vc_row][vc_row][vc_column icons_position=&#8221;left&#8221;][vc_row_inner equal_height=&#8221;yes&#8221; content_placement=&#8221;middle&#8221;][vc_column_inner width=&#8221;1\/3&#8243; icons_position=&#8221;left&#8221;][vc_empty_space height=&#8221;2rem&#8221; alter_height=&#8221;none&#8221; hide_on_desktop=&#8221;&#8221; hide_on_notebook=&#8221;&#8221; hide_on_tablet=&#8221;&#8221; hide_on_mobile=&#8221;&#8221;]<div id=\"sc_icons_1804559526\" \n\tclass=\"sc_icons sc_icons_rightpos sc_icons_size_medium sc_align_right\"><div class=\"sc_icons_item\"><div class=\"sc_icons_item_content\">\n\t\t\t\t\t\t<h4 class=\"sc_icons_item_title\"><span>Roulez \u00e0 l'\u00e9nergie solaire<\/span><\/h4>\t\t\t\t<\/div>\n\t\t<div id=\"sc_icons_1804559526_icon-icon-10\" class=\"sc_icons_icon sc_icon_type_ icon-icon-10\"\n\t\t\t\t\t\t\t\t\t\t\t\t><span class=\"sc_icon_type_ icon-icon-10\"><\/span><\/div>\t\t<\/div><div class=\"sc_icons_item\"><div class=\"sc_icons_item_content\">\n\t\t\t\t\t\t<h4 class=\"sc_icons_item_title\"><span>Installation facile<\/span><\/h4>\t\t\t\t<\/div>\n\t\t<div id=\"sc_icons_1804559526_icon-icon2\" class=\"sc_icons_icon sc_icon_type_ icon-icon2\"\n\t\t\t\t\t\t\t\t\t\t\t\t><span class=\"sc_icon_type_ icon-icon2\"><\/span><\/div>\t\t<\/div><div class=\"sc_icons_item\"><div class=\"sc_icons_item_content\">\n\t\t\t\t\t\t<h4 class=\"sc_icons_item_title\"><span>\u00c9conomisez sur vos factures de la CEB<\/span><\/h4>\t\t\t\t<\/div>\n\t\t<div id=\"sc_icons_1804559526_icon-icon-11\" class=\"sc_icons_icon sc_icon_type_ icon-icon-11\"\n\t\t\t\t\t\t\t\t\t\t\t\t><span class=\"sc_icon_type_ icon-icon-11\"><\/span><\/div>\t\t<\/div><\/div><!-- \/.sc_icons -->[vc_empty_space height=&#8221;2rem&#8221; alter_height=&#8221;none&#8221; hide_on_desktop=&#8221;&#8221; hide_on_notebook=&#8221;&#8221; hide_on_tablet=&#8221;&#8221; hide_on_mobile=&#8221;&#8221;][\/vc_column_inner][vc_column_inner width=&#8221;1\/3&#8243; icons_position=&#8221;left&#8221;][vc_single_image image=&#8221;1888&#8243; img_size=&#8221;full&#8221; alignment=&#8221;center&#8221;][\/vc_column_inner][vc_column_inner width=&#8221;1\/3&#8243; icons_position=&#8221;left&#8221;][vc_empty_space height=&#8221;2rem&#8221; alter_height=&#8221;none&#8221; hide_on_desktop=&#8221;&#8221; hide_on_notebook=&#8221;&#8221; hide_on_tablet=&#8221;&#8221; hide_on_mobile=&#8221;&#8221;]<div id=\"sc_icons_2063864104\" \n\tclass=\"sc_icons sc_icons_leftpos sc_icons_size_medium sc_align_left\"><div class=\"sc_icons_item\"><div id=\"sc_icons_2063864104_icon-icon-8\" class=\"sc_icons_icon sc_icon_type_ icon-icon-8\"\n\t\t\t\t\t\t\t\t\t\t\t\t><span class=\"sc_icon_type_ icon-icon-8\"><\/span><\/div><div class=\"sc_icons_item_content\">\n\t\t\t\t\t\t<h4 class=\"sc_icons_item_title\"><span>R\u00e9sistant et durable<\/span><\/h4>\t\t\t\t<\/div>\n\t\t\t\t<\/div><div class=\"sc_icons_item\"><div id=\"sc_icons_2063864104_icon-icon-12\" class=\"sc_icons_icon sc_icon_type_ icon-icon-12\"\n\t\t\t\t\t\t\t\t\t\t\t\t><span class=\"sc_icon_type_ icon-icon-12\"><\/span><\/div><div class=\"sc_icons_item_content\">\n\t\t\t\t\t\t<h4 class=\"sc_icons_item_title\"><span>Un pas vers l'avenir<\/span><\/h4>\t\t\t\t<\/div>\n\t\t\t\t<\/div><div class=\"sc_icons_item\"><div id=\"sc_icons_2063864104_icon-icon-9\" class=\"sc_icons_icon sc_icon_type_ icon-icon-9\"\n\t\t\t\t\t\t\t\t\t\t\t\t><span class=\"sc_icon_type_ icon-icon-9\"><\/span><\/div><div class=\"sc_icons_item_content\">\n\t\t\t\t\t\t<h4 class=\"sc_icons_item_title\"><span>Energie renouvelable<\/span><\/h4>\t\t\t\t<\/div>\n\t\t\t\t<\/div><\/div><!-- \/.sc_icons -->[vc_empty_space height=&#8221;2rem&#8221; alter_height=&#8221;none&#8221; hide_on_desktop=&#8221;&#8221; hide_on_notebook=&#8221;&#8221; hide_on_tablet=&#8221;&#8221; hide_on_mobile=&#8221;&#8221;][\/vc_column_inner][\/vc_row_inner][\/vc_column][\/vc_row][vc_row][vc_column icons_position=&#8221;left&#8221;][vc_empty_space][vc_empty_space][vc_empty_space][\/vc_column][\/vc_row][vc_row hide_bg_image_on_tablet=&#8221;&#8221; hide_bg_image_on_mobile=&#8221;&#8221; css=&#8221;.vc_custom_1694686131371{padding-top: 20px !important;padding-right: 20px !important;padding-bottom: 20px !important;padding-left: 20px !important;background-color: #f5f4ef !important;}&#8221;][vc_column icons_position=&#8221;left&#8221;]<div id=\"sc_title_5647113\"\n\t\tclass=\"sc_title color_style_default sc_title_default\"><h3 class=\"sc_item_title sc_title_title sc_align_center sc_item_title_style_default\">Les carports photovolta\u00efques de SOLAR CENTER<\/h3><\/div><!-- \/.sc_title -->[vc_empty_space][vc_column_text]<\/p>\n<p style=\"text-align: center;\">Le\u00a0<strong>carport photovolta\u00efque<\/strong>\u00a0<strong>SOLAR CENTER MAURITIUS<\/strong> 3,500 W en autoconsommation de 9 panneaux solaires de 390 Watts mono est un abri solaire pour une voiture qui vous permettra de produire votre propre \u00e9nergie solaire tout en abritant votre voiture.<\/p>\n<p style=\"text-align: center;\">C\u2019est le meilleur rapport production prix. Le\u00a0<strong>carport photovolta\u00efque\u00a0SOLAR CENTER MAURITIUS<\/strong> est id\u00e9al pour une voiture \u00e9lectrique standard.<\/p>\n<p style=\"text-align: center;\">Le\u00a0<strong>carport photovolta\u00efque<\/strong>\u00a0<strong>SOLAR CENTER MAURITIUS<\/strong> 10,000 W en autoconsommation de 18 panneaux solaires de 410 Watts mono Biface HC est un abri solaire pour deux voitures. La typologie haut de gamme Biface HC des panneaux solaires permet d\u2019augmenter la puissance de production d\u2019\u00e9lectricit\u00e9 de 25% \u00e0 35%, soit un \u00e9quivalent proche de 10,000 W. Le\u00a0<strong>carport photovolta\u00efque<\/strong>\u00a0<strong>SOLAR CENTER MAURITIUS<\/strong> est id\u00e9al pour une voiture \u00e9lectrique de prestige.<\/p>\n<p style=\"text-align: center;\"><strong>L&#8217;abri solaire pour voiture<\/strong> permet, comme son nom l&#8217;indique, d&#8217;am\u00e9nager un espace abrit\u00e9 <strong>pour 1 ou 2 voitures, \u00e9lectrique ou non<\/strong>. Gr\u00e2ce aux panneaux solaires pr\u00e9sents sur votre carport, vous produisez et consommez votre propre \u00e9nergie solaire. Cette \u00e9lectricit\u00e9 verte alimentera vos appareils de la maison en fonctionnement en journ\u00e9e. Vous ferez alors des \u00e9conomies sur votre facture d&#8217;\u00e9lectricit\u00e9. Les carports sont con\u00e7us pour abriter l&#8217;\u00e9quivalent d&#8217;une ou de deux places de parking standard.<\/p>\n<p style=\"text-align: center;\">Le <strong>carport photovolta\u00efque SOLAR CENTER MAURITIUS<\/strong><br \/>\nest sp\u00e9cialement adapt\u00e9 \u00e0 une installation simple dans votre cour ou votre jardin :<\/p>\n<p style=\"text-align: center;\">le carport est en aluminium anticyclonique et volontairement lest\u00e9.<br \/>\nle carport n\u00e9cessite <strong>une fondation sp\u00e9cifique anticyclonique que nous r\u00e9alisons.<\/strong><br \/>\nle carport photovolta\u00efque peut \u00eatre install\u00e9 sur diff\u00e9rents types de surface :<br \/>\nsols en terre battue, goudron, gravier, enrob\u00e9\u2026<\/p>\n<p style=\"text-align: center;\">le carport photovolta\u00efque peut \u00eatre install\u00e9 sur diff\u00e9rents types de surface : sols en terre battue, goudron, gravier, enrob\u00e9&#8230;<\/p>\n<p style=\"text-align: center;\"><strong>Pour les entreprises et services publiques, des carports corporate sur mesure<\/strong> sont propos\u00e9s par le Bureau d\u2019\u00c9tude du SOLAR CENTER MAURITIUS. Gr\u00e2ce aux panneaux solaires pr\u00e9sents sur le carport corporate, vous transformez votre abri voiture en G\u00e9n\u00e9rateur d\u2019\u00c9lectricit\u00e9 Solaire (GES). Cette \u00e9lectricit\u00e9 verte alimentera <strong>en journ\u00e9e, tous les appareils \u00e9lectriques en fonctionnement<\/strong> <strong>dans votre soci\u00e9t\u00e9 ou votre b\u00e2timent publique.<\/strong> Grace au carport corporate sur mesure vous pouvez r\u00e9duire jusqu\u2019\u00e0 80% de votre facture d&#8217;\u00e9lectricit\u00e9.<\/p>\n<p>[\/vc_column_text][\/vc_column][\/vc_row]<\/p>\n","protected":false},"excerpt":{"rendered":"<p>[vc_row][vc_column icons_position=&#8221;left&#8221;][vc_raw_html]JTIwJTNDZGl2JTIwY2xhc3MlM0QlMjJiZy1pbWFnZS10ZXh0JTIwYmctaW1hZ2UtdGV4dC1wYWdlLXRpdGxlJTIyJTNFJTBBJTIwJTIwJTIwJTIwJTNDaW1nJTBBJTIwJTIwJTIwJTIwJTIwJTIwc3JjJTNEJTIyaHR0cHMlM0ElMkYlMkZzb2xhcmNlbnRlci5tdSUyRndwLWNvbnRlbnQlMkZ1cGxvYWRzJTJGMjAyMyUyRjEwJTJGaW1nMy5qcGclMjIlMEElMjAlMjAlMjAlMjAlMkYlM0UlMEElMjAlMjAlMjAlMjAlM0NwJTIwY2xhc3MlM0QlMjJiZy1pbWFnZS10ZXh0LWNlbnRlciUyMiUzRUNhcnBvcnQlM0NiciUyMCUyRiUzRXBob3Rvdm9sdGElQzMlQUZxdWUlM0MlMkZwJTNFJTBBJTIwJTIwJTNDJTJGZGl2JTNFJTBB[\/vc_raw_html][vc_empty_space alter_height=&#8221;medium&#8221; hide_on_desktop=&#8221;&#8221; hide_on_notebook=&#8221;&#8221; hide_on_tablet=&#8221;&#8221; hide_on_mobile=&#8221;&#8221;][\/vc_column][\/vc_row][vc_row][vc_column icons_position=&#8221;left&#8221;][vc_row_inner equal_height=&#8221;yes&#8221; content_placement=&#8221;middle&#8221;][vc_column_inner width=&#8221;1\/3&#8243; icons_position=&#8221;left&#8221;][vc_empty_space height=&#8221;2rem&#8221; alter_height=&#8221;none&#8221; hide_on_desktop=&#8221;&#8221; hide_on_notebook=&#8221;&#8221; hide_on_tablet=&#8221;&#8221; hide_on_mobile=&#8221;&#8221;][vc_empty_space height=&#8221;2rem&#8221; alter_height=&#8221;none&#8221; hide_on_desktop=&#8221;&#8221; hide_on_notebook=&#8221;&#8221; hide_on_tablet=&#8221;&#8221; hide_on_mobile=&#8221;&#8221;][\/vc_column_inner][vc_column_inner width=&#8221;1\/3&#8243; icons_position=&#8221;left&#8221;][vc_single_image image=&#8221;1888&#8243; img_size=&#8221;full&#8221; alignment=&#8221;center&#8221;][\/vc_column_inner][vc_column_inner width=&#8221;1\/3&#8243;&hellip;<\/p>\n","protected":false},"author":1,"featured_media":0,"parent":0,"menu_order":0,"comment_status":"closed","ping_status":"closed","template":"","meta":{"pgc_sgb_lightbox_settings":""},"yoast_head":"<!-- This site is optimized with the Yoast SEO plugin v17.4 - https:\/\/yoast.com\/wordpress\/plugins\/seo\/ -->\n<title>Carport Photovolta\u00efque sur mesure | Ile Maurice | Solar Center Mauritius<\/title>\n<meta name=\"description\" content=\"\u00c0 la recherche d&#039;un carport photovolta\u00efque? D\u00e9couvrez les solutions de carport photovolta\u00efque propos\u00e9es par Solar Center Mauritius.\" \/>\n<meta name=\"robots\" content=\"index, follow, max-snippet:-1, max-image-preview:large, max-video-preview:-1\" \/>\n<link rel=\"canonical\" href=\"https:\/\/solarcenter.mu\/en\/carport-photovoltaique\/\" \/>\n<meta property=\"og:locale\" content=\"en_US\" \/>\n<meta property=\"og:type\" content=\"article\" \/>\n<meta property=\"og:title\" content=\"Carport Photovolta\u00efque sur mesure | Ile Maurice | Solar Center Mauritius\" \/>\n<meta property=\"og:description\" content=\"\u00c0 la recherche d&#039;un carport photovolta\u00efque? D\u00e9couvrez les solutions de carport photovolta\u00efque propos\u00e9es par Solar Center Mauritius.\" \/>\n<meta property=\"og:url\" content=\"https:\/\/solarcenter.mu\/en\/carport-photovoltaique\/\" \/>\n<meta property=\"og:site_name\" content=\"Solar Center\" \/>\n<meta property=\"article:publisher\" content=\"https:\/\/www.facebook.com\/solarcentermu\" \/>\n<meta property=\"article:modified_time\" content=\"2023-11-10T09:44:45+00:00\" \/>\n<meta name=\"twitter:card\" content=\"summary_large_image\" \/>\n<meta name=\"twitter:label1\" content=\"Est. reading time\" \/>\n\t<meta name=\"twitter:data1\" content=\"2 minutes\" \/>\n<script type=\"application\/ld+json\" class=\"yoast-schema-graph\">{\"@context\":\"https:\/\/schema.org\",\"@graph\":[{\"@type\":\"Organization\",\"@id\":\"https:\/\/solarcenter.mu\/en\/#organization\",\"name\":\"Solar Center Mauritius\",\"url\":\"https:\/\/solarcenter.mu\/en\/\",\"sameAs\":[\"https:\/\/www.facebook.com\/solarcentermu\"],\"logo\":{\"@type\":\"ImageObject\",\"@id\":\"https:\/\/solarcenter.mu\/en\/#logo\",\"inLanguage\":\"en-US\",\"url\":\"https:\/\/solarcenter.mu\/wp-content\/uploads\/2017\/11\/Solar-Center-Footer-Logo.png\",\"contentUrl\":\"https:\/\/solarcenter.mu\/wp-content\/uploads\/2017\/11\/Solar-Center-Footer-Logo.png\",\"width\":155,\"height\":75,\"caption\":\"Solar Center Mauritius\"},\"image\":{\"@id\":\"https:\/\/solarcenter.mu\/en\/#logo\"}},{\"@type\":\"WebSite\",\"@id\":\"https:\/\/solarcenter.mu\/en\/#website\",\"url\":\"https:\/\/solarcenter.mu\/en\/\",\"name\":\"Solar Center Mauritius\",\"description\":\"\",\"publisher\":{\"@id\":\"https:\/\/solarcenter.mu\/en\/#organization\"},\"potentialAction\":[{\"@type\":\"SearchAction\",\"target\":{\"@type\":\"EntryPoint\",\"urlTemplate\":\"https:\/\/solarcenter.mu\/en\/?s={search_term_string}\"},\"query-input\":\"required name=search_term_string\"}],\"inLanguage\":\"en-US\"},{\"@type\":\"WebPage\",\"@id\":\"https:\/\/solarcenter.mu\/en\/carport-photovoltaique\/#webpage\",\"url\":\"https:\/\/solarcenter.mu\/en\/carport-photovoltaique\/\",\"name\":\"Carport Photovolta\\u00efque sur mesure | Ile Maurice | Solar Center Mauritius\",\"isPartOf\":{\"@id\":\"https:\/\/solarcenter.mu\/en\/#website\"},\"datePublished\":\"2017-11-14T14:46:38+00:00\",\"dateModified\":\"2023-11-10T09:44:45+00:00\",\"description\":\"\\u00c0 la recherche d'un carport photovolta\\u00efque? D\\u00e9couvrez les solutions de carport photovolta\\u00efque propos\\u00e9es par Solar Center Mauritius.\",\"breadcrumb\":{\"@id\":\"https:\/\/solarcenter.mu\/en\/carport-photovoltaique\/#breadcrumb\"},\"inLanguage\":\"en-US\",\"potentialAction\":[{\"@type\":\"ReadAction\",\"target\":[\"https:\/\/solarcenter.mu\/en\/carport-photovoltaique\/\"]}]},{\"@type\":\"BreadcrumbList\",\"@id\":\"https:\/\/solarcenter.mu\/en\/carport-photovoltaique\/#breadcrumb\",\"itemListElement\":[{\"@type\":\"ListItem\",\"position\":1,\"name\":\"Home\",\"item\":\"https:\/\/solarcenter.mu\/en\/\"},{\"@type\":\"ListItem\",\"position\":2,\"name\":\"PHOTOVOLTAIC CARPORT\"}]}]}<\/script>\n<!-- \/ Yoast SEO plugin. -->","yoast_head_json":{"title":"Carport Photovolta\u00efque sur mesure | Ile Maurice | Solar Center Mauritius","description":"\u00c0 la recherche d'un carport photovolta\u00efque? D\u00e9couvrez les solutions de carport photovolta\u00efque propos\u00e9es par Solar Center Mauritius.","robots":{"index":"index","follow":"follow","max-snippet":"max-snippet:-1","max-image-preview":"max-image-preview:large","max-video-preview":"max-video-preview:-1"},"canonical":"https:\/\/solarcenter.mu\/en\/carport-photovoltaique\/","og_locale":"en_US","og_type":"article","og_title":"Carport Photovolta\u00efque sur mesure | Ile Maurice | Solar Center Mauritius","og_description":"\u00c0 la recherche d'un carport photovolta\u00efque? D\u00e9couvrez les solutions de carport photovolta\u00efque propos\u00e9es par Solar Center Mauritius.","og_url":"https:\/\/solarcenter.mu\/en\/carport-photovoltaique\/","og_site_name":"Solar Center","article_publisher":"https:\/\/www.facebook.com\/solarcentermu","article_modified_time":"2023-11-10T09:44:45+00:00","twitter_card":"summary_large_image","twitter_misc":{"Est. reading time":"2 minutes"},"schema":{"@context":"https:\/\/schema.org","@graph":[{"@type":"Organization","@id":"https:\/\/solarcenter.mu\/en\/#organization","name":"Solar Center Mauritius","url":"https:\/\/solarcenter.mu\/en\/","sameAs":["https:\/\/www.facebook.com\/solarcentermu"],"logo":{"@type":"ImageObject","@id":"https:\/\/solarcenter.mu\/en\/#logo","inLanguage":"en-US","url":"https:\/\/solarcenter.mu\/wp-content\/uploads\/2017\/11\/Solar-Center-Footer-Logo.png","contentUrl":"https:\/\/solarcenter.mu\/wp-content\/uploads\/2017\/11\/Solar-Center-Footer-Logo.png","width":155,"height":75,"caption":"Solar Center Mauritius"},"image":{"@id":"https:\/\/solarcenter.mu\/en\/#logo"}},{"@type":"WebSite","@id":"https:\/\/solarcenter.mu\/en\/#website","url":"https:\/\/solarcenter.mu\/en\/","name":"Solar Center Mauritius","description":"","publisher":{"@id":"https:\/\/solarcenter.mu\/en\/#organization"},"potentialAction":[{"@type":"SearchAction","target":{"@type":"EntryPoint","urlTemplate":"https:\/\/solarcenter.mu\/en\/?s={search_term_string}"},"query-input":"required name=search_term_string"}],"inLanguage":"en-US"},{"@type":"WebPage","@id":"https:\/\/solarcenter.mu\/en\/carport-photovoltaique\/#webpage","url":"https:\/\/solarcenter.mu\/en\/carport-photovoltaique\/","name":"Carport Photovolta\u00efque sur mesure | Ile Maurice | Solar Center Mauritius","isPartOf":{"@id":"https:\/\/solarcenter.mu\/en\/#website"},"datePublished":"2017-11-14T14:46:38+00:00","dateModified":"2023-11-10T09:44:45+00:00","description":"\u00c0 la recherche d'un carport photovolta\u00efque? D\u00e9couvrez les solutions de carport photovolta\u00efque propos\u00e9es par Solar Center Mauritius.","breadcrumb":{"@id":"https:\/\/solarcenter.mu\/en\/carport-photovoltaique\/#breadcrumb"},"inLanguage":"en-US","potentialAction":[{"@type":"ReadAction","target":["https:\/\/solarcenter.mu\/en\/carport-photovoltaique\/"]}]},{"@type":"BreadcrumbList","@id":"https:\/\/solarcenter.mu\/en\/carport-photovoltaique\/#breadcrumb","itemListElement":[{"@type":"ListItem","position":1,"name":"Home","item":"https:\/\/solarcenter.mu\/en\/"},{"@type":"ListItem","position":2,"name":"PHOTOVOLTAIC CARPORT"}]}]}},"_links":{"self":[{"href":"https:\/\/solarcenter.mu\/en\/wp-json\/wp\/v2\/pages\/3551"}],"collection":[{"href":"https:\/\/solarcenter.mu\/en\/wp-json\/wp\/v2\/pages"}],"about":[{"href":"https:\/\/solarcenter.mu\/en\/wp-json\/wp\/v2\/types\/page"}],"author":[{"embeddable":true,"href":"https:\/\/solarcenter.mu\/en\/wp-json\/wp\/v2\/users\/1"}],"replies":[{"embeddable":true,"href":"https:\/\/solarcenter.mu\/en\/wp-json\/wp\/v2\/comments?post=3551"}],"version-history":[{"count":10,"href":"https:\/\/solarcenter.mu\/en\/wp-json\/wp\/v2\/pages\/3551\/revisions"}],"predecessor-version":[{"id":3741,"href":"https:\/\/solarcenter.mu\/en\/wp-json\/wp\/v2\/pages\/3551\/revisions\/3741"}],"wp:attachment":[{"href":"https:\/\/solarcenter.mu\/en\/wp-json\/wp\/v2\/media?parent=3551"}],"curies":[{"name":"wp","href":"https:\/\/api.w.org\/{rel}","templated":true}]}}