
{"id":3622,"date":"2021-08-03T09:59:38","date_gmt":"2021-08-03T09:59:38","guid":{"rendered":"https:\/\/solarcenter.mu\/je-suis-autonome\/"},"modified":"2023-11-08T06:34:54","modified_gmt":"2023-11-08T06:34:54","slug":"i-am-autonomous","status":"publish","type":"page","link":"https:\/\/solarcenter.mu\/en\/i-am-autonomous\/","title":{"rendered":"I am autonomous"},"content":{"rendered":"<p>[vc_row][vc_column icons_position=&#8221;left&#8221;][vc_raw_html]JTIwJTNDZGl2JTIwY2xhc3MlM0QlMjJiZy1pbWFnZS10ZXh0JTIwYmctaW1hZ2UtdGV4dC1wYWdlLXRpdGxlJTIyJTNFJTBBJTIwJTIwJTIwJTIwJTNDaW1nJTBBJTIwJTIwJTIwJTIwJTIwJTIwc3JjJTNEJTIyaHR0cHMlM0ElMkYlMkZzb2xhcmNlbnRlci5tdSUyRndwLWNvbnRlbnQlMkZ1cGxvYWRzJTJGMjAyMyUyRjEwJTJGaW1nMy0zLmpwZyUyMiUwQSUyMCUyMCUyMCUyMCUyRiUzRSUwQSUyMCUyMCUyMCUyMCUzQ3AlMjBjbGFzcyUzRCUyMmJnLWltYWdlLXRleHQtY2VudGVyJTIyJTNFSSUyMGFtJTNDYnIlMjAlMkYlM0VBVVRPTk9NT1VTJTNDJTJGcCUzRSUwQSUyMCUyMCUzQyUyRmRpdiUzRQ==[\/vc_raw_html][vc_empty_space alter_height=&#8221;medium&#8221; hide_on_desktop=&#8221;&#8221; hide_on_notebook=&#8221;&#8221; hide_on_tablet=&#8221;&#8221; hide_on_mobile=&#8221;&#8221;][\/vc_column][\/vc_row][vc_row][vc_column icons_position=&#8221;left&#8221;][vc_column_text]<\/p>\n<p style=\"text-align: center;\"><strong>I consume the entire output of my solar generator day and night.<\/strong><\/p>\n<p style=\"text-align: center;\">Between <strong>9am\/10am and 3pm\/16pm,<\/strong> I consume what I produce thanks to the sun.<\/p>\n<p style=\"text-align: center;\"><strong>From 3\/16pm until 9\/10am the following day,<\/strong><br \/>\nI consume what I have stored <strong>in solar batteries adapted to my need for autonomy.<\/strong><\/p>\n<p style=\"text-align: center;\"><strong>There are several types of batteries:<\/strong><br \/>\nare lithium batteries and lead acid batteries (lead-acid gel).<br \/>\n(lead acid gel) batteries.<\/p>\n<p style=\"text-align: center;\"><strong>Producing all your own electricity and no longer depending on the CEB is technically possible!<\/strong><br \/>\n<strong>And it&#8217;s very reliable. The price varies according to your need for autonomy (1 day, 2 days, 3 days, etc.).<\/strong><br \/>\n<strong>and your daily energy requirements.<\/strong><\/p>\n<p>[\/vc_column_text][vc_empty_space alter_height=&#8221;medium&#8221; hide_on_desktop=&#8221;&#8221; hide_on_notebook=&#8221;&#8221; hide_on_tablet=&#8221;&#8221; hide_on_mobile=&#8221;&#8221;][\/vc_column][\/vc_row][vc_row][vc_column icons_position=&#8221;left&#8221;]<div class=\"sc_item_button sc_button_wrap sc_align_center\"><a href=\"https:\/\/solarcenter.mu\/contact\/\" id=\"sc_button_1122889328\" class=\"sc_button color_style_default sc_button_default new-button-design sc_button_size_large sc_button_icon_left\"><span class=\"sc_button_text sc_align_center\"><span class=\"sc_button_title\">Talk to a solar advisor<\/span><\/span><!-- \/.sc_button_text --><\/a><!-- \/.sc_button --><\/div><!-- \/.sc_item_button -->[\/vc_column][\/vc_row]<\/p>\n","protected":false},"excerpt":{"rendered":"<p>[vc_row][vc_column icons_position=&#8221;left&#8221;][vc_raw_html]JTIwJTNDZGl2JTIwY2xhc3MlM0QlMjJiZy1pbWFnZS10ZXh0JTIwYmctaW1hZ2UtdGV4dC1wYWdlLXRpdGxlJTIyJTNFJTBBJTIwJTIwJTIwJTIwJTNDaW1nJTBBJTIwJTIwJTIwJTIwJTIwJTIwc3JjJTNEJTIyaHR0cHMlM0ElMkYlMkZzb2xhcmNlbnRlci5tdSUyRndwLWNvbnRlbnQlMkZ1cGxvYWRzJTJGMjAyMyUyRjEwJTJGaW1nMy0zLmpwZyUyMiUwQSUyMCUyMCUyMCUyMCUyRiUzRSUwQSUyMCUyMCUyMCUyMCUzQ3AlMjBjbGFzcyUzRCUyMmJnLWltYWdlLXRleHQtY2VudGVyJTIyJTNFSSUyMGFtJTNDYnIlMjAlMkYlM0VBVVRPTk9NT1VTJTNDJTJGcCUzRSUwQSUyMCUyMCUzQyUyRmRpdiUzRQ==[\/vc_raw_html][vc_empty_space alter_height=&#8221;medium&#8221; hide_on_desktop=&#8221;&#8221; hide_on_notebook=&#8221;&#8221; hide_on_tablet=&#8221;&#8221; hide_on_mobile=&#8221;&#8221;][\/vc_column][\/vc_row][vc_row][vc_column icons_position=&#8221;left&#8221;][vc_column_text] I consume the entire output of my solar generator day and night. Between 9am\/10am and 3pm\/16pm, I consume what I produce thanks&hellip;<\/p>\n","protected":false},"author":1,"featured_media":0,"parent":0,"menu_order":0,"comment_status":"closed","ping_status":"closed","template":"","meta":{"pgc_sgb_lightbox_settings":""},"yoast_head":"<!-- This site is optimized with the Yoast SEO plugin v17.4 - https:\/\/yoast.com\/wordpress\/plugins\/seo\/ -->\n<title>Devenir \u00e9nerg\u00e9tiquement autonome \u00e0 l&#039;Ile Maurice | Solar Center Mauritius<\/title>\n<meta name=\"description\" content=\"Consommez jour et nuit l&#039;\u00e9lectricit\u00e9 produite par un g\u00e9n\u00e9rateur d&#039;\u00e9lectricit\u00e9 solaire. D\u00e9couvrez l&#039;autonomie \u00e9nerg\u00e9tique avec Solar Center.\" \/>\n<meta name=\"robots\" content=\"index, follow, max-snippet:-1, max-image-preview:large, max-video-preview:-1\" \/>\n<link rel=\"canonical\" href=\"https:\/\/solarcenter.mu\/en\/i-am-autonomous\/\" \/>\n<meta property=\"og:locale\" content=\"en_US\" \/>\n<meta property=\"og:type\" content=\"article\" \/>\n<meta property=\"og:title\" content=\"Devenir \u00e9nerg\u00e9tiquement autonome \u00e0 l&#039;Ile Maurice | Solar Center Mauritius\" \/>\n<meta property=\"og:description\" content=\"Consommez jour et nuit l&#039;\u00e9lectricit\u00e9 produite par un g\u00e9n\u00e9rateur d&#039;\u00e9lectricit\u00e9 solaire. D\u00e9couvrez l&#039;autonomie \u00e9nerg\u00e9tique avec Solar Center.\" \/>\n<meta property=\"og:url\" content=\"https:\/\/solarcenter.mu\/en\/i-am-autonomous\/\" \/>\n<meta property=\"og:site_name\" content=\"Solar Center\" \/>\n<meta property=\"article:publisher\" content=\"https:\/\/www.facebook.com\/solarcentermu\" \/>\n<meta property=\"article:modified_time\" content=\"2023-11-08T06:34:54+00:00\" \/>\n<meta name=\"twitter:card\" content=\"summary_large_image\" \/>\n<meta name=\"twitter:label1\" content=\"Est. reading time\" \/>\n\t<meta name=\"twitter:data1\" content=\"1 minute\" \/>\n<script type=\"application\/ld+json\" class=\"yoast-schema-graph\">{\"@context\":\"https:\/\/schema.org\",\"@graph\":[{\"@type\":\"Organization\",\"@id\":\"https:\/\/solarcenter.mu\/en\/#organization\",\"name\":\"Solar Center Mauritius\",\"url\":\"https:\/\/solarcenter.mu\/en\/\",\"sameAs\":[\"https:\/\/www.facebook.com\/solarcentermu\"],\"logo\":{\"@type\":\"ImageObject\",\"@id\":\"https:\/\/solarcenter.mu\/en\/#logo\",\"inLanguage\":\"en-US\",\"url\":\"https:\/\/solarcenter.mu\/wp-content\/uploads\/2017\/11\/Solar-Center-Footer-Logo.png\",\"contentUrl\":\"https:\/\/solarcenter.mu\/wp-content\/uploads\/2017\/11\/Solar-Center-Footer-Logo.png\",\"width\":155,\"height\":75,\"caption\":\"Solar Center Mauritius\"},\"image\":{\"@id\":\"https:\/\/solarcenter.mu\/en\/#logo\"}},{\"@type\":\"WebSite\",\"@id\":\"https:\/\/solarcenter.mu\/en\/#website\",\"url\":\"https:\/\/solarcenter.mu\/en\/\",\"name\":\"Solar Center Mauritius\",\"description\":\"\",\"publisher\":{\"@id\":\"https:\/\/solarcenter.mu\/en\/#organization\"},\"potentialAction\":[{\"@type\":\"SearchAction\",\"target\":{\"@type\":\"EntryPoint\",\"urlTemplate\":\"https:\/\/solarcenter.mu\/en\/?s={search_term_string}\"},\"query-input\":\"required name=search_term_string\"}],\"inLanguage\":\"en-US\"},{\"@type\":\"WebPage\",\"@id\":\"https:\/\/solarcenter.mu\/en\/i-am-autonomous\/#webpage\",\"url\":\"https:\/\/solarcenter.mu\/en\/i-am-autonomous\/\",\"name\":\"Devenir \\u00e9nerg\\u00e9tiquement autonome \\u00e0 l'Ile Maurice | Solar Center Mauritius\",\"isPartOf\":{\"@id\":\"https:\/\/solarcenter.mu\/en\/#website\"},\"datePublished\":\"2021-08-03T09:59:38+00:00\",\"dateModified\":\"2023-11-08T06:34:54+00:00\",\"description\":\"Consommez jour et nuit l'\\u00e9lectricit\\u00e9 produite par un g\\u00e9n\\u00e9rateur d'\\u00e9lectricit\\u00e9 solaire. D\\u00e9couvrez l'autonomie \\u00e9nerg\\u00e9tique avec Solar Center.\",\"breadcrumb\":{\"@id\":\"https:\/\/solarcenter.mu\/en\/i-am-autonomous\/#breadcrumb\"},\"inLanguage\":\"en-US\",\"potentialAction\":[{\"@type\":\"ReadAction\",\"target\":[\"https:\/\/solarcenter.mu\/en\/i-am-autonomous\/\"]}]},{\"@type\":\"BreadcrumbList\",\"@id\":\"https:\/\/solarcenter.mu\/en\/i-am-autonomous\/#breadcrumb\",\"itemListElement\":[{\"@type\":\"ListItem\",\"position\":1,\"name\":\"Home\",\"item\":\"https:\/\/solarcenter.mu\/en\/\"},{\"@type\":\"ListItem\",\"position\":2,\"name\":\"I am autonomous\"}]}]}<\/script>\n<!-- \/ Yoast SEO plugin. -->","yoast_head_json":{"title":"Devenir \u00e9nerg\u00e9tiquement autonome \u00e0 l'Ile Maurice | Solar Center Mauritius","description":"Consommez jour et nuit l'\u00e9lectricit\u00e9 produite par un g\u00e9n\u00e9rateur d'\u00e9lectricit\u00e9 solaire. D\u00e9couvrez l'autonomie \u00e9nerg\u00e9tique avec Solar Center.","robots":{"index":"index","follow":"follow","max-snippet":"max-snippet:-1","max-image-preview":"max-image-preview:large","max-video-preview":"max-video-preview:-1"},"canonical":"https:\/\/solarcenter.mu\/en\/i-am-autonomous\/","og_locale":"en_US","og_type":"article","og_title":"Devenir \u00e9nerg\u00e9tiquement autonome \u00e0 l'Ile Maurice | Solar Center Mauritius","og_description":"Consommez jour et nuit l'\u00e9lectricit\u00e9 produite par un g\u00e9n\u00e9rateur d'\u00e9lectricit\u00e9 solaire. D\u00e9couvrez l'autonomie \u00e9nerg\u00e9tique avec Solar Center.","og_url":"https:\/\/solarcenter.mu\/en\/i-am-autonomous\/","og_site_name":"Solar Center","article_publisher":"https:\/\/www.facebook.com\/solarcentermu","article_modified_time":"2023-11-08T06:34:54+00:00","twitter_card":"summary_large_image","twitter_misc":{"Est. reading time":"1 minute"},"schema":{"@context":"https:\/\/schema.org","@graph":[{"@type":"Organization","@id":"https:\/\/solarcenter.mu\/en\/#organization","name":"Solar Center Mauritius","url":"https:\/\/solarcenter.mu\/en\/","sameAs":["https:\/\/www.facebook.com\/solarcentermu"],"logo":{"@type":"ImageObject","@id":"https:\/\/solarcenter.mu\/en\/#logo","inLanguage":"en-US","url":"https:\/\/solarcenter.mu\/wp-content\/uploads\/2017\/11\/Solar-Center-Footer-Logo.png","contentUrl":"https:\/\/solarcenter.mu\/wp-content\/uploads\/2017\/11\/Solar-Center-Footer-Logo.png","width":155,"height":75,"caption":"Solar Center Mauritius"},"image":{"@id":"https:\/\/solarcenter.mu\/en\/#logo"}},{"@type":"WebSite","@id":"https:\/\/solarcenter.mu\/en\/#website","url":"https:\/\/solarcenter.mu\/en\/","name":"Solar Center Mauritius","description":"","publisher":{"@id":"https:\/\/solarcenter.mu\/en\/#organization"},"potentialAction":[{"@type":"SearchAction","target":{"@type":"EntryPoint","urlTemplate":"https:\/\/solarcenter.mu\/en\/?s={search_term_string}"},"query-input":"required name=search_term_string"}],"inLanguage":"en-US"},{"@type":"WebPage","@id":"https:\/\/solarcenter.mu\/en\/i-am-autonomous\/#webpage","url":"https:\/\/solarcenter.mu\/en\/i-am-autonomous\/","name":"Devenir \u00e9nerg\u00e9tiquement autonome \u00e0 l'Ile Maurice | Solar Center Mauritius","isPartOf":{"@id":"https:\/\/solarcenter.mu\/en\/#website"},"datePublished":"2021-08-03T09:59:38+00:00","dateModified":"2023-11-08T06:34:54+00:00","description":"Consommez jour et nuit l'\u00e9lectricit\u00e9 produite par un g\u00e9n\u00e9rateur d'\u00e9lectricit\u00e9 solaire. D\u00e9couvrez l'autonomie \u00e9nerg\u00e9tique avec Solar Center.","breadcrumb":{"@id":"https:\/\/solarcenter.mu\/en\/i-am-autonomous\/#breadcrumb"},"inLanguage":"en-US","potentialAction":[{"@type":"ReadAction","target":["https:\/\/solarcenter.mu\/en\/i-am-autonomous\/"]}]},{"@type":"BreadcrumbList","@id":"https:\/\/solarcenter.mu\/en\/i-am-autonomous\/#breadcrumb","itemListElement":[{"@type":"ListItem","position":1,"name":"Home","item":"https:\/\/solarcenter.mu\/en\/"},{"@type":"ListItem","position":2,"name":"I am autonomous"}]}]}},"_links":{"self":[{"href":"https:\/\/solarcenter.mu\/en\/wp-json\/wp\/v2\/pages\/3622"}],"collection":[{"href":"https:\/\/solarcenter.mu\/en\/wp-json\/wp\/v2\/pages"}],"about":[{"href":"https:\/\/solarcenter.mu\/en\/wp-json\/wp\/v2\/types\/page"}],"author":[{"embeddable":true,"href":"https:\/\/solarcenter.mu\/en\/wp-json\/wp\/v2\/users\/1"}],"replies":[{"embeddable":true,"href":"https:\/\/solarcenter.mu\/en\/wp-json\/wp\/v2\/comments?post=3622"}],"version-history":[{"count":3,"href":"https:\/\/solarcenter.mu\/en\/wp-json\/wp\/v2\/pages\/3622\/revisions"}],"predecessor-version":[{"id":3625,"href":"https:\/\/solarcenter.mu\/en\/wp-json\/wp\/v2\/pages\/3622\/revisions\/3625"}],"wp:attachment":[{"href":"https:\/\/solarcenter.mu\/en\/wp-json\/wp\/v2\/media?parent=3622"}],"curies":[{"name":"wp","href":"https:\/\/api.w.org\/{rel}","templated":true}]}}